{"id":6,"date":"2017-04-21T16:45:54","date_gmt":"2017-04-21T14:45:54","guid":{"rendered":"http:\/\/dangrillt.de\/?page_id=6"},"modified":"2025-09-18T10:07:43","modified_gmt":"2025-09-18T08:07:43","slug":"startseite","status":"publish","type":"page","link":"https:\/\/dangrillt.de\/","title":{"rendered":"Startseite"},"content":{"rendered":"<p>[vc_row row_height_percent=&#8220;0&#8243; override_padding=&#8220;yes&#8220; h_padding=&#8220;2&#8243; top_padding=&#8220;4&#8243; bottom_padding=&#8220;3&#8243; back_color=&#8220;color-715985&#8243; overlay_alpha=&#8220;50&#8243; gutter_size=&#8220;3&#8243; column_width_percent=&#8220;100&#8243; shift_y=&#8220;0&#8243; z_index=&#8220;0&#8243; uncode_shortcode_id=&#8220;244822&#8243; back_color_type=&#8220;uncode-palette&#8220;][vc_column column_width_percent=&#8220;80&#8243; align_horizontal=&#8220;align_center&#8220; gutter_size=&#8220;3&#8243; overlay_alpha=&#8220;50&#8243; shift_x=&#8220;0&#8243; shift_y=&#8220;0&#8243; shift_y_down=&#8220;0&#8243; z_index=&#8220;0&#8243; medium_width=&#8220;0&#8243; mobile_width=&#8220;0&#8243; width=&#8220;1\/1&#8243; uncode_shortcode_id=&#8220;133890&#8243;][vc_custom_heading text_color=&#8220;color-814995&#8243; heading_semantic=&#8220;h1&#8243; text_font=&#8220;font-152722&#8243; text_size=&#8220;h1&#8243; text_transform=&#8220;uppercase&#8220; uncode_shortcode_id=&#8220;213581&#8243; text_color_type=&#8220;uncode-palette&#8220;]Eventcatering &amp; Grillworkshops<br \/>\nsind unsere st\u00e4rke[\/vc_custom_heading][vc_column_text uncode_shortcode_id=&#8220;866153&#8243;]<\/p>\n<p style=\"text-align: center;\">Als leidenschaftliche Griller sorgen wir daf\u00fcr, dass Ihre Veranstaltung mit unserem Essen perfekt wird. Direkte Kontakte zu unseren Erzeugern, Saisonalit\u00e4t und Nachhaltigkeit sind unsere Herzenshaltung. Wir leben f\u00fcr geniale Produkte und lieben es, diese am Grill zu veredeln um damit jeden Gast gl\u00fccklich zu machen.<\/p>\n<p style=\"text-align: center;\">Eventcaterings werden von uns individuell geplant. Aufgrund der hohen Nachfrage und st\u00e4ndig wechselnden Bedingungen bitten wir um direkte Anfrage \u00fcber unsere Kontaktm\u00f6glichkeiten.<\/p>\n<p style=\"text-align: center;\">Unsere Leidenschaft geben wir gerne in Grillworkshops weiter. In\u00a0unserem Grillbuch\u00a0haben wir viele Punkte unserer Leidenschaft zusammengefasst und mit Rezepten ausgestaltet.<\/p>\n<p>[\/vc_column_text][\/vc_column][\/vc_row][vc_row row_height_percent=&#8220;0&#8243; override_padding=&#8220;yes&#8220; h_padding=&#8220;2&#8243; top_padding=&#8220;2&#8243; bottom_padding=&#8220;2&#8243; back_color=&#8220;color-715985&#8243; overlay_alpha=&#8220;50&#8243; gutter_size=&#8220;3&#8243; column_width_percent=&#8220;100&#8243; shift_y=&#8220;0&#8243; z_index=&#8220;0&#8243; uncode_shortcode_id=&#8220;536821&#8243; back_color_type=&#8220;uncode-palette&#8220;][vc_column column_width_percent=&#8220;75&#8243; align_horizontal=&#8220;align_center&#8220; gutter_size=&#8220;3&#8243; overlay_alpha=&#8220;50&#8243; shift_x=&#8220;0&#8243; shift_y=&#8220;0&#8243; shift_y_down=&#8220;0&#8243; z_index=&#8220;0&#8243; medium_width=&#8220;0&#8243; mobile_width=&#8220;0&#8243; width=&#8220;1\/1&#8243; uncode_shortcode_id=&#8220;126287&#8243;][vc_single_image media=&#8220;206&#8243; media_width_percent=&#8220;100&#8243; alignment=&#8220;center&#8220; uncode_shortcode_id=&#8220;212905&#8243;][\/vc_column][\/vc_row][vc_row row_height_percent=&#8220;0&#8243; override_padding=&#8220;yes&#8220; h_padding=&#8220;2&#8243; top_padding=&#8220;3&#8243; bottom_padding=&#8220;3&#8243; back_color=&#8220;color-715985&#8243; overlay_alpha=&#8220;50&#8243; gutter_size=&#8220;3&#8243; column_width_percent=&#8220;100&#8243; shift_y=&#8220;0&#8243; z_index=&#8220;0&#8243; css=&#8220;.vc_custom_1670240647554{padding-top: 0px !important;padding-bottom: 0px !important;}&#8220; uncode_shortcode_id=&#8220;190627&#8243; back_color_type=&#8220;uncode-palette&#8220; row_name=&#8220;eventcatering&#8220;][vc_column column_width_percent=&#8220;79&#8243; position_vertical=&#8220;middle&#8220; align_horizontal=&#8220;align_center&#8220; gutter_size=&#8220;3&#8243; style=&#8220;dark&#8220; overlay_alpha=&#8220;50&#8243; shift_x=&#8220;0&#8243; shift_y=&#8220;0&#8243; shift_y_down=&#8220;0&#8243; z_index=&#8220;0&#8243; medium_width=&#8220;0&#8243; mobile_width=&#8220;0&#8243; width=&#8220;1\/1&#8243; uncode_shortcode_id=&#8220;415463&#8243;][vc_custom_heading text_color=&#8220;accent&#8220; heading_semantic=&#8220;h1&#8243; text_font=&#8220;font-152722&#8243; text_size=&#8220;h1&#8243; text_transform=&#8220;uppercase&#8220; sub_lead=&#8220;yes&#8220; sub_reduced=&#8220;yes&#8220; uncode_shortcode_id=&#8220;612676&#8243; text_color_type=&#8220;uncode-palette&#8220; subheading=&#8220;F\u00dcR EVENTS MIT BESONDERER GLUT&#8220;]Eventcatering[\/vc_custom_heading][vc_column_text uncode_shortcode_id=&#8220;187496&#8243;]<strong>Mit unserer Leidenschaft grillen wir sehr gern auf Ihrer Veranstaltung.<br \/>\n<\/strong><strong>Egal ob f\u00fcr 1 oder 10.000 G\u00e4ste &#8211; wir freuen uns \u00fcber jeden Gast, den wir am Grill gl\u00fccklich machen k\u00f6nnen.<\/strong><\/p>\n<p>Mit einem Grillteam und einem unserer Smoker-Anh\u00e4nger auf denen sich auch andere Grills befinden, fahren wir durch ganze Europa und grillen auf vielen privaten, firmeninterenen oder auch offiziellen Veranstaltungen. Dabei legen wir gr\u00f6\u00dften Wert auf lokale Quellen f\u00fcr unsere Zutaten. Enge Verbindungen zu unseren Bauern und Metzgern liegen uns da genauso am Herzen wie ein direkter Kontakt zu unseren Gem\u00fcseproduzenten.<\/p>\n<p>Wir lieben es, Veranstaltungen ganz individuell mit unseren genialen Gerichten vom Grill zu bereichern. Deshalb freuen wir uns \u00fcber Anfragen per Mail. Dabei ist es uns wichtig, dass wir auf Ihre W\u00fcnsche eingehen und gleichzeitig nicht von unseren Anspr\u00fcchen an Saisonalit\u00e4t und Nachhaltigkeit abweichen.<br \/>\nWir freuen uns auf Ihre Anfrage und die Chance, das Essen Ihrer Veranstaltung mit unserer Leidenschaft zu bereichern.[\/vc_column_text][vc_empty_space empty_h=&#8220;2&#8243;][vc_button button_color=&#8220;color-814995&#8243; border_width=&#8220;0&#8243; button_color_type=&#8220;uncode-palette&#8220; uncode_shortcode_id=&#8220;115100&#8243; link=&#8220;url:mailto%3Agriller%40dangrillt.de&#8220;]JETZT ANFRAGEN[\/vc_button][\/vc_column][\/vc_row][vc_row unlock_row_content=&#8220;yes&#8220; row_height_percent=&#8220;0&#8243; override_padding=&#8220;yes&#8220; h_padding=&#8220;0&#8243; top_padding=&#8220;3&#8243; bottom_padding=&#8220;3&#8243; back_color=&#8220;color-715985&#8243; overlay_alpha=&#8220;50&#8243; equal_height=&#8220;yes&#8220; gutter_size=&#8220;0&#8243; column_width_percent=&#8220;100&#8243; shift_y=&#8220;0&#8243; z_index=&#8220;0&#8243; css=&#8220;.vc_custom_1670240094878{padding-top: 0px !important;padding-bottom: 0px !important;}&#8220; uncode_shortcode_id=&#8220;201093&#8243; back_color_type=&#8220;uncode-palette&#8220;][vc_column column_width_percent=&#8220;100&#8243; position_vertical=&#8220;middle&#8220; align_horizontal=&#8220;align_center&#8220; gutter_size=&#8220;0&#8243; override_padding=&#8220;yes&#8220; column_padding=&#8220;0&#8243; overlay_alpha=&#8220;50&#8243; shift_x=&#8220;0&#8243; shift_y=&#8220;0&#8243; shift_y_down=&#8220;0&#8243; z_index=&#8220;0&#8243; medium_width=&#8220;0&#8243; mobile_width=&#8220;0&#8243; width=&#8220;1\/1&#8243; uncode_shortcode_id=&#8220;149245&#8243;][vc_gallery el_id=&#8220;gallery-231274&#8243; isotope_mode=&#8220;fitRows&#8220; medias=&#8220;190,191&#8243; style_preset=&#8220;metro&#8220; gallery_back_color=&#8220;color-715985&#8243; gutter_size=&#8220;0&#8243; media_items=&#8220;media|lightbox|original&#8220; screen_lg=&#8220;1000&#8243; screen_md=&#8220;600&#8243; screen_sm=&#8220;480&#8243; single_width=&#8220;6&#8243; single_height=&#8220;2&#8243; single_back_color=&#8220;color-715985&#8243; single_overlay_opacity=&#8220;50&#8243; single_h_align=&#8220;center&#8220; single_padding=&#8220;0&#8243; single_text_reduced=&#8220;yes&#8220; single_border=&#8220;yes&#8220; no_double_tap=&#8220;yes&#8220; uncode_shortcode_id=&#8220;136352&#8243; gallery_back_color_type=&#8220;uncode-palette&#8220;][\/vc_column][\/vc_row][vc_row row_height_percent=&#8220;0&#8243; override_padding=&#8220;yes&#8220; h_padding=&#8220;0&#8243; top_padding=&#8220;3&#8243; bottom_padding=&#8220;3&#8243; back_color=&#8220;color-715985&#8243; overlay_alpha=&#8220;50&#8243; gutter_size=&#8220;3&#8243; column_width_percent=&#8220;100&#8243; shift_y=&#8220;0&#8243; z_index=&#8220;0&#8243; css=&#8220;.vc_custom_1670240081076{padding-top: 0px !important;padding-bottom: 0px !important;}&#8220; uncode_shortcode_id=&#8220;826841&#8243; back_color_type=&#8220;uncode-palette&#8220; row_name=&#8220;grillworkshops&#8220;][vc_column column_width_percent=&#8220;100&#8243; position_vertical=&#8220;middle&#8220; align_horizontal=&#8220;align_center&#8220; gutter_size=&#8220;3&#8243; overlay_alpha=&#8220;50&#8243; shift_x=&#8220;0&#8243; shift_y=&#8220;0&#8243; shift_y_down=&#8220;0&#8243; z_index=&#8220;0&#8243; medium_width=&#8220;0&#8243; mobile_width=&#8220;0&#8243; width=&#8220;1\/1&#8243; uncode_shortcode_id=&#8220;202217&#8243;][vc_custom_heading text_color=&#8220;accent&#8220; heading_semantic=&#8220;h1&#8243; text_font=&#8220;font-152722&#8243; text_size=&#8220;h1&#8243; text_transform=&#8220;uppercase&#8220; sub_lead=&#8220;yes&#8220; sub_reduced=&#8220;yes&#8220; uncode_shortcode_id=&#8220;403142&#8243; text_color_type=&#8220;uncode-palette&#8220; subheading=&#8220;WORKSHOPS F\u00dcR DIE GL\u00dcHENDE LEIDENSCHAFT&#8220;]Unsere Workshopangebote[\/vc_custom_heading][\/vc_column][\/vc_row][vc_row row_height_percent=&#8220;0&#8243; override_padding=&#8220;yes&#8220; h_padding=&#8220;2&#8243; top_padding=&#8220;2&#8243; bottom_padding=&#8220;4&#8243; back_color=&#8220;color-715985&#8243; overlay_alpha=&#8220;50&#8243; gutter_size=&#8220;3&#8243; column_width_percent=&#8220;100&#8243; shift_y=&#8220;0&#8243; z_index=&#8220;0&#8243; uncode_shortcode_id=&#8220;887519&#8243; back_color_type=&#8220;uncode-palette&#8220;][vc_column column_width_percent=&#8220;95&#8243; position_horizontal=&#8220;left&#8220; gutter_size=&#8220;3&#8243; overlay_alpha=&#8220;50&#8243; shift_x=&#8220;0&#8243; shift_y=&#8220;0&#8243; shift_y_down=&#8220;0&#8243; z_index=&#8220;0&#8243; medium_width=&#8220;0&#8243; mobile_width=&#8220;0&#8243; width=&#8220;1\/2&#8243; uncode_shortcode_id=&#8220;136681&#8243;][vc_column_text]<\/p>\n<h2>GRILLWORKSHOPS<\/h2>\n<p>Unser Wissen zu teilen ist in unserem\u00a0Selbstverst\u00e4ndnis fest verankert. Ob\u00a0Grillfan oder Einsteiger\u00a0wir bietem jedem die passende Chance seine Leidenschaft aus zu bauen!<\/p>\n<p>Die\u00a0Workshops eignen sich auch perfekt als <strong>Geschenkgutscheine<\/strong>.\u00a0Fragen Sie hierzu gerne konkrete Kurse an oder\u00a0bestimmen Sie einen\u00a0frei w\u00e4hlbaren Betrag.\u00a0Der Geschenkgutschein wird dann nat\u00fcrlich auch als verschenkbare Karte postalisch zugestellt.<\/p>\n<p><em>Der Geschenkgutschein l\u00e4sst sich im Formular direkt unter &#8222;Anfrageoption&#8220; ausw\u00e4hlen.<\/em>[\/vc_column_text][vc_column_text uncode_shortcode_id=&#8220;196165&#8243;]<\/p>\n<h2>WORKSHOP-WARTELISTE<\/h2>\n<p>Die letzten Jahre haben gezeigt, dass gerade auch kleinere Gruppen oder Freunde, die gemeinsam einen Grillkurs machen m\u00f6chten, nicht die erw\u00fcnschte Mindest-Teilnehmerzahl erreichen. Deshalb m\u00f6chten wir hier Mut machen, dass man sich trotzdem \u00fcber das Kontaktformular meldet.<br \/>\nWir versuchen immer zeitnah einen Kurs zu basteln, der m\u00f6glichst viele Menschen von unserer Workshop-Warteliste begeistert.<\/p>\n<p>Also Herzliche Einladung sich f\u00fcr diese Liste anzumelden![\/vc_column_text]\n<div class=\"wpcf7 no-js\" id=\"wpcf7-f80-o1\" lang=\"de-DE\" dir=\"ltr\" data-wpcf7-id=\"80\">\n<div class=\"screen-reader-response\"><p role=\"status\" aria-live=\"polite\" aria-atomic=\"true\"><\/p> <ul><\/ul><\/div>\n<form action=\"\/index.php\/wp-json\/wp\/v2\/pages\/6#wpcf7-f80-o1\" method=\"post\" class=\"wpcf7-form init\" aria-label=\"Kontaktformular\" novalidate=\"novalidate\" data-status=\"init\">\n<fieldset class=\"hidden-fields-container\"><input type=\"hidden\" name=\"_wpcf7\" value=\"80\" \/><input type=\"hidden\" name=\"_wpcf7_version\" value=\"6.1.5\" \/><input type=\"hidden\" name=\"_wpcf7_locale\" value=\"de_DE\" \/><input type=\"hidden\" name=\"_wpcf7_unit_tag\" value=\"wpcf7-f80-o1\" \/><input type=\"hidden\" name=\"_wpcf7_container_post\" value=\"0\" \/><input type=\"hidden\" name=\"_wpcf7_posted_data_hash\" value=\"\" \/>\n<\/fieldset>\n<p><label> Anfrageoption<br \/>\n<span class=\"wpcf7-form-control-wrap\" data-name=\"Anfrageoption\"><select class=\"wpcf7-form-control wpcf7-select wpcf7-validates-as-required\" aria-required=\"true\" aria-invalid=\"false\" name=\"Anfrageoption\"><option value=\"\">&#8211; Bitte ausw\u00e4hlen &#8211;<\/option><option value=\"Grillworkshop\">Grillworkshop<\/option><option value=\"Geschenkgutschein-Grillworkshop\">Geschenkgutschein-Grillworkshop<\/option><\/select><\/span> <\/label>\n<\/p>\n<p><label> Dein Name (Pflichtfeld)<br \/>\n<span class=\"wpcf7-form-control-wrap\" data-name=\"your-name\"><input size=\"40\" maxlength=\"400\" class=\"wpcf7-form-control wpcf7-text wpcf7-validates-as-required\" aria-required=\"true\" aria-invalid=\"false\" value=\"\" type=\"text\" name=\"your-name\" \/><\/span> <\/label>\n<\/p>\n<p><label> Deine E-Mail-Adresse (Pflichtfeld)<br \/>\n<span class=\"wpcf7-form-control-wrap\" data-name=\"your-email\"><input size=\"40\" maxlength=\"400\" class=\"wpcf7-form-control wpcf7-email wpcf7-validates-as-required wpcf7-text wpcf7-validates-as-email\" aria-required=\"true\" aria-invalid=\"false\" value=\"\" type=\"email\" name=\"your-email\" \/><\/span> <\/label>\n<\/p>\n<p><label> Workshoptitel<br \/>\n<span class=\"wpcf7-form-control-wrap\" data-name=\"your-workshop\"><input size=\"40\" maxlength=\"400\" class=\"wpcf7-form-control wpcf7-text\" aria-invalid=\"false\" value=\"\" type=\"text\" name=\"your-workshop\" \/><\/span> <\/label>\n<\/p>\n<p><label> Kurstermin<br \/>\n<span class=\"wpcf7-form-control-wrap\" data-name=\"your-date\"><input size=\"40\" maxlength=\"400\" class=\"wpcf7-form-control wpcf7-text\" aria-invalid=\"false\" value=\"\" type=\"text\" name=\"your-date\" \/><\/span> <\/label>\n<\/p>\n<p><label> Deine Nachricht<br \/>\n<span class=\"wpcf7-form-control-wrap\" data-name=\"your-message\"><textarea cols=\"40\" rows=\"10\" maxlength=\"2000\" class=\"wpcf7-form-control wpcf7-textarea\" aria-invalid=\"false\" name=\"your-message\"><\/textarea><\/span> <\/label>\n<\/p>\n<p><input class=\"wpcf7-form-control wpcf7-submit has-spinner\" type=\"submit\" value=\"Anfragen\" \/>\n<\/p><div class=\"wpcf7-response-output\" aria-hidden=\"true\"><\/div>\n<\/form>\n<\/div>\n[\/vc_column][vc_column column_width_percent=&#8220;100&#8243; gutter_size=&#8220;3&#8243; overlay_alpha=&#8220;50&#8243; shift_x=&#8220;0&#8243; shift_y=&#8220;0&#8243; shift_y_down=&#8220;0&#8243; z_index=&#8220;0&#8243; medium_width=&#8220;0&#8243; mobile_width=&#8220;0&#8243; width=&#8220;1\/2&#8243; uncode_shortcode_id=&#8220;137397&#8243;][vc_column_text uncode_shortcode_id=&#8220;122392&#8243;]<\/p>\n<h2>WORKSHOPDETAILS<\/h2>\n<p>Alle Grillkurse finden in unseren eigenen Workshopr\u00e4umen statt. Der Beginn ist in der Regel auf 19 Uhr festgelegt &#8211; andere Zeiten werden bei der Anmeldung sofort mitgeteilt. Die Kursdauer betr\u00e4gt im Normalfall 3 Stunden mit offenem Ende.<\/p>\n<p>Alkoholfreie Getr\u00e4nke wie Wasser und Softdrinks sind w\u00e4hrend dem Kurs inklusive. Alkoholische Getr\u00e4nke k\u00f6nnen vor Ort erworben werden.<\/p>\n<p>Bei sehr geringer Teilnehmerzahl versuchen wir den Kurs trotzdem m\u00f6glich zu machen! Hierzu fassen wir dann zeitnah Termine nach R\u00fccksprache mit allen betroffenen Teilnehmern zusammen.[\/vc_column_text][vc_empty_space empty_h=&#8220;2&#8243;][vc_column_text]<\/p>\n<h2>WORKSHOP\u00dcBERSICHT<\/h2>\n<p>[\/vc_column_text][vc_accordion active_tab=&#8220;non&#8220;][vc_accordion_tab gutter_size=&#8220;2&#8243; column_padding=&#8220;2&#8243; title=&#8220;Grillkurs Basic I 99 Euro I 11.05.2026&#8243; tab_id=&#8220;1702644849190-1-1&#8243;][vc_column_text uncode_shortcode_id=&#8220;987865&#8243;]Ein Grillkurs f\u00fcr Einsteiger am Grill. Lernen Sie gemeinsam mit Grillprofi und Fleischsommelier D\u00e4n Klein wie Sie am besten verschiedene Fleischst\u00fccke grillen. Es werden nicht nur verschiedene Gerichte gegrillt sondern auch Tipps zu Grillger\u00e4ten und Zubeh\u00f6r vorkommen. Gemeinsam steigen wir ein in die Welt der Grillgerichte und wie man damit seine Freunde begeistert.<\/p>\n<p>TEILNEHMER: max. 12 \/ mind. 8<\/p>\n<p>PREIS: 99,\u2013 \u20ac<\/p>\n<p>F\u00fcr Workshopanfragen nutzen sie bitte das\u00a0Anfrageformular, oder schreiben Sie eine E-Mail mit\u00a0Kurstitel und Wunschtermin![\/vc_column_text][\/vc_accordion_tab][vc_accordion_tab gutter_size=&#8220;2&#8243; column_padding=&#8220;2&#8243; title=&#8220;Grillen 2.0 I 99 Euro I 18.05.2026&#8243; tab_id=&#8220;1702645114079-2-5&#8243;][vc_column_text uncode_shortcode_id=&#8220;125196&#8243;]Der Kurs f\u00fcr Fortgeschrittene und Profis. D\u00e4n Klein, zweifacher Deutscher Grillmeister der Amateure (2010&amp;2012) und diplomierter Fleisch-Sommelier schult in diesem Kurs alle, die sich bereits am Grill heimisch f\u00fchlen. Neue Ideen f\u00fcr den Griller von Morgen sind hier genauso Thema wie hochwertigste Zutaten und deren Zubereitung auf dem Rost. Au\u00dferdem sollen neue Garmethoden ausprobiert werden, die einem immer zur Verf\u00fcgung stehen.<\/p>\n<p>TEILNEHMER: max. 12 \/ mind. 8<\/p>\n<p>PREIS: 99,\u2013 \u20ac<\/p>\n<p>F\u00fcr Workshopanfragen nutzen sie bitte das\u00a0Anfrageformular, oder schreiben Sie eine E-Mail mit\u00a0Kurstitel und Wunschtermin![\/vc_column_text][\/vc_accordion_tab][vc_accordion_tab gutter_size=&#8220;2&#8243; column_padding=&#8220;2&#8243; title=&#8220;Whisky Grillkurs I 129 Euro I 08.06.2026&#8243; tab_id=&#8220;1702645245694-5-0&#8243;][vc_column_text uncode_shortcode_id=&#8220;105542&#8243;]Grillen mit Whisky &#8211; inkl. einem Whiskytasting.<\/p>\n<p>D\u00e4n Klein, zweifacher Deutscher Grillmeister der Amateure (2010&amp;2012) und diplomierter Fleisch-Sommelier schult in diesem Kurs alle, die sich bereits am Grill heimisch f\u00fchlen. Dabei geht es diesmal nicht nur um tolle Grillgerichte sondern es soll auch das &#8222;Feuerwasser&#8220; selbst eine gro\u00dfe Rolle spielen. Wir probieren und bewerten Whiskys und grillen mehrere Gerichte bei denen auch Whisky in der Zubereitung vorkommt. Dieser Abend ist eine wahre Gaumenfreude und ein Erlebnis.<\/p>\n<p>TEILNEHMER: max. 12 \/ mind. 8<\/p>\n<p>PREIS: 129,\u2013 \u20ac<\/p>\n<p>F\u00fcr Workshopanfragen nutzen sie bitte das\u00a0Anfrageformular, oder schreiben Sie eine E-Mail mit\u00a0Kurstitel und Wunschtermin![\/vc_column_text][\/vc_accordion_tab][vc_accordion_tab gutter_size=&#8220;2&#8243; column_padding=&#8220;2&#8243; title=&#8220;Grillkurs Basic I 99 Euro I 29.06.2026&#8243; tab_id=&#8220;1702645279293-6-1&#8243;][vc_column_text uncode_shortcode_id=&#8220;380886&#8243;]Ein Grillkurs f\u00fcr Einsteiger am Grill. Lernen Sie gemeinsam mit Grillprofi und Fleischsommelier D\u00e4n Klein wie Sie am besten verschiedene Fleischst\u00fccke grillen. Es werden nicht nur verschiedene Gerichte gegrillt sondern auch Tipps zu Grillger\u00e4ten und Zubeh\u00f6r vorkommen. Gemeinsam steigen wir ein in die Welt der Grillgerichte und wie man damit seine Freunde begeistert.<\/p>\n<p>TEILNEHMER: max. 12 \/ mind. 8<\/p>\n<p>PREIS: 99,\u2013 \u20ac<\/p>\n<p>F\u00fcr Workshopanfragen nutzen sie bitte das\u00a0Anfrageformular, oder schreiben Sie eine E-Mail mit\u00a0Kurstitel und Wunschtermin![\/vc_column_text][\/vc_accordion_tab][vc_accordion_tab gutter_size=&#8220;2&#8243; column_padding=&#8220;2&#8243; title=&#8220;Grillen 2.0 I 99 Euro I 12.10.2026&#8243; tab_id=&#8220;1702645292789-7-2&#8243;][vc_column_text uncode_shortcode_id=&#8220;199067&#8243;]Der Kurs f\u00fcr Fortgeschrittene und Profis. D\u00e4n Klein, zweifacher Deutscher Grillmeister der Amateure (2010&amp;2012) und diplomierter Fleisch-Sommelier schult in diesem Kurs alle, die sich bereits am Grill heimisch f\u00fchlen. Neue Ideen f\u00fcr den Griller von Morgen sind hier genauso Thema wie hochwertigste Zutaten und deren Zubereitung auf dem Rost. Au\u00dferdem sollen neue Garmethoden ausprobiert werden, die einem immer zur Verf\u00fcgung stehen.<\/p>\n<p>TEILNEHMER: max. 12 \/ mind. 8<\/p>\n<p>PREIS: 99,\u2013 \u20ac<\/p>\n<p>F\u00fcr Workshopanfragen nutzen sie bitte das\u00a0Anfrageformular, oder schreiben Sie eine E-Mail mit\u00a0Kurstitel und Wunschtermin![\/vc_column_text][\/vc_accordion_tab][\/vc_accordion][\/vc_column][\/vc_row][vc_row row_height_percent=&#8220;0&#8243; override_padding=&#8220;yes&#8220; h_padding=&#8220;0&#8243; top_padding=&#8220;3&#8243; bottom_padding=&#8220;3&#8243; back_color=&#8220;color-814995&#8243; overlay_alpha=&#8220;50&#8243; gutter_size=&#8220;3&#8243; shift_y=&#8220;0&#8243; row_name=&#8220;KONTAKT&#8220;][vc_column column_width_percent=&#8220;100&#8243; gutter_size=&#8220;3&#8243; overlay_alpha=&#8220;50&#8243; shift_x=&#8220;0&#8243; shift_y=&#8220;0&#8243; z_index=&#8220;0&#8243; medium_width=&#8220;0&#8243; mobile_width=&#8220;0&#8243; width=&#8220;1\/6&#8243; css=&#8220;.vc_custom_1492794406436{padding-top: 50px !important;padding-bottom: 50px !important;}&#8220;][\/vc_column][vc_column column_width_percent=&#8220;100&#8243; gutter_size=&#8220;3&#8243; style=&#8220;dark&#8220; overlay_alpha=&#8220;50&#8243; shift_x=&#8220;0&#8243; shift_y=&#8220;0&#8243; z_index=&#8220;0&#8243; medium_width=&#8220;0&#8243; mobile_width=&#8220;0&#8243; width=&#8220;4\/6&#8243; css=&#8220;.vc_custom_1542116244580{padding-top: 55px !important;padding-bottom: 70px !important;}&#8220;][vc_column_text el_class=&#8220;typoBrown&#8220;]<\/p>\n<h1 style=\"text-align: center;\">KONTAKT<\/h1>\n<p>&nbsp;<\/p>\n<h3 style=\"text-align: center;\"><span style=\"color: #ffffff;\">D\u00c4N KLEIN \u00a0|\u00a0 Eisenbahnstra\u00dfe\u00a021\u00a0 | \u00a073265 Dettingen\u200a\/\u200aTeck<\/span><\/h3>\n<h3 style=\"text-align: center;\"><span style=\"color: #ffffff;\">MOBIL +49 162\u200a \u200a942 64 85 \u00a0| \u00a0EMAIL\u00a0<a style=\"color: #ffffff;\" href=\"mailto:griller@dangrillt.de\">griller@dangrillt.de<\/a><\/span><\/h3>\n<h3 style=\"text-align: center;\"><span style=\"color: #ffffff;\">EVENTCATERING &amp; GRILLWORKSHOPS<\/span><\/h3>\n<p>[\/vc_column_text][\/vc_column][vc_column width=&#8220;1\/6&#8243;][\/vc_column][\/vc_row]<\/p>\n","protected":false},"excerpt":{"rendered":"<p>[vc_row row_height_percent=&#8220;0&#8243; override_padding=&#8220;yes&#8220; h_padding=&#8220;2&#8243; top_padding=&#8220;4&#8243; bottom_padding=&#8220;3&#8243; back_color=&#8220;color-715985&#8243; overlay_alpha=&#8220;50&#8243; gutter_size=&#8220;3&#8243; column_width_percent=&#8220;100&#8243; shift_y=&#8220;0&#8243; z_index=&#8220;0&#8243; uncode_shortcode_id=&#8220;244822&#8243; back_color_type=&#8220;uncode-palette&#8220;][vc_column column_width_percent=&#8220;80&#8243; align_horizontal=&#8220;align_center&#8220; gutter_size=&#8220;3&#8243; overlay_alpha=&#8220;50&#8243; shift_x=&#8220;0&#8243; shift_y=&#8220;0&#8243; [&hellip;]<\/p>\n","protected":false},"author":1,"featured_media":15,"parent":0,"menu_order":0,"comment_status":"closed","ping_status":"closed","template":"","meta":{"footnotes":""},"class_list":["post-6","page","type-page","status-publish","has-post-thumbnail","hentry"],"_links":{"self":[{"href":"https:\/\/dangrillt.de\/index.php\/wp-json\/wp\/v2\/pages\/6","targetHints":{"allow":["GET"]}}],"collection":[{"href":"https:\/\/dangrillt.de\/index.php\/wp-json\/wp\/v2\/pages"}],"about":[{"href":"https:\/\/dangrillt.de\/index.php\/wp-json\/wp\/v2\/types\/page"}],"author":[{"embeddable":true,"href":"https:\/\/dangrillt.de\/index.php\/wp-json\/wp\/v2\/users\/1"}],"replies":[{"embeddable":true,"href":"https:\/\/dangrillt.de\/index.php\/wp-json\/wp\/v2\/comments?post=6"}],"version-history":[{"count":182,"href":"https:\/\/dangrillt.de\/index.php\/wp-json\/wp\/v2\/pages\/6\/revisions"}],"predecessor-version":[{"id":3102,"href":"https:\/\/dangrillt.de\/index.php\/wp-json\/wp\/v2\/pages\/6\/revisions\/3102"}],"wp:featuredmedia":[{"embeddable":true,"href":"https:\/\/dangrillt.de\/index.php\/wp-json\/wp\/v2\/media\/15"}],"wp:attachment":[{"href":"https:\/\/dangrillt.de\/index.php\/wp-json\/wp\/v2\/media?parent=6"}],"curies":[{"name":"wp","href":"https:\/\/api.w.org\/{rel}","templated":true}]}}