{"id":70,"date":"2017-05-30T17:10:58","date_gmt":"2017-05-30T15:10:58","guid":{"rendered":"http:\/\/dangrillt.de\/?page_id=70"},"modified":"2018-11-13T16:38:01","modified_gmt":"2018-11-13T15:38:01","slug":"datenschutzerklaerung","status":"publish","type":"page","link":"https:\/\/dangrillt.de\/index.php\/datenschutzerklaerung\/","title":{"rendered":"Datenschutzerkl\u00e4rung"},"content":{"rendered":"<p>[vc_row][vc_column column_width_percent=&#8220;67&#8243; overlay_alpha=&#8220;50&#8243; gutter_size=&#8220;3&#8243; medium_width=&#8220;0&#8243; mobile_width=&#8220;0&#8243; shift_x=&#8220;0&#8243; shift_y=&#8220;0&#8243; z_index=&#8220;0&#8243; width=&#8220;1\/1&#8243;][vc_column_text]<\/p>\n<h2 class=\"p1\"><span style=\"color: #000000;\">Datenschutzerkl\u00e4rung:<\/span><\/h2>\n<h3 class=\"p2\"><span style=\"color: #000000;\">Datenschutz<\/span><\/h3>\n<p class=\"p3\"><span style=\"color: #000000;\">Die Betreiber dieser Seiten nehmen den Schutz Ihrer pers\u00f6nlichen Daten sehr ernst. Wir behandeln Ihre personenbezogenen Daten vertraulich und entsprechend der gesetzlichen Datenschutzvorschriften sowie dieser Datenschutzerkl\u00e4rung.<\/span><\/p>\n<p class=\"p3\"><span style=\"color: #000000;\">Die Nutzung unserer Webseite ist in der Regel ohne Angabe personenbezogener Daten m\u00f6glich. Soweit auf unseren Seiten personenbezogene Daten (beispielsweise Name, Anschrift oder E-Mail-Adressen) erhoben werden, erfolgt dies, soweit m\u00f6glich, stets auf freiwilliger Basis. Diese Daten werden ohne Ihre ausdru\u0308ckliche Zustimmung nicht an Dritte weitergegeben.<\/span><\/p>\n<p class=\"p3\"><span style=\"color: #000000;\">Wir weisen darauf hin, dass die Datenu\u0308bertragung im Internet (z.B. bei der Kommunikation per E-Mail) Sicherheitslu\u0308cken aufweisen kann. Ein lu\u0308ckenloser Schutz der Daten vor dem Zugriff durch Dritte ist nicht m\u00f6glich.<\/span><\/p>\n<h3 class=\"p2\"><span style=\"color: #000000;\">Cookies<\/span><\/h3>\n<p class=\"p3\"><span style=\"color: #000000;\">Die Internetseiten verwenden teilweise so genannte Cookies. Cookies richten auf Ihrem Rechner keinen Schaden an und enthalten keine Viren. Cookies dienen dazu, unser Angebot nutzerfreundlicher, effektiver und sicherer zu machen. Cookies sind kleine Textdateien, die auf Ihrem Rechner abgelegt werden und die Ihr Browser speichert.<\/span><\/p>\n<p class=\"p3\"><span style=\"color: #000000;\">Die meisten der von uns verwendeten Cookies sind so genannte \u201eSession-Cookies\u201c. Sie werden nach Ende Ihres Besuchs automatisch gel\u00f6scht. Andere Cookies bleiben auf Ihrem Endger\u00e4t gespeichert, bis Sie diese l\u00f6schen. Diese Cookies erm\u00f6glichen es uns, Ihren Browser beim n\u00e4chsten Besuch wiederzuerkennen.<\/span><\/p>\n<p class=\"p3\"><span style=\"color: #000000;\">Sie k\u00f6nnen Ihren Browser so einstellen, dass Sie u\u0308ber das Setzen von Cookies informiert werden und Cookies nur im Einzelfall erlauben, die Annahme von Cookies fu\u0308r bestimmte F\u00e4lle oder generell ausschlie\u00dfen sowie das automatische L\u00f6schen der Cookies beim Schlie\u00dfen des Browser aktivieren. Bei der Deaktivierung von Cookies kann die Funktionalit\u00e4t dieser Website eingeschr\u00e4nkt sein.<\/span><\/p>\n<h3 class=\"p2\"><span style=\"color: #000000;\">Server-Log-Files<\/span><\/h3>\n<p class=\"p3\"><span style=\"color: #000000;\">Der Provider der Seiten erhebt und speichert automatisch Informationen in so genannten Server-Log Files, die Ihr Browser automatisch an uns u\u0308bermittelt. Dies sind:<\/span><\/p>\n<ul>\n<li class=\"p3\"><span style=\"color: #000000;\">Browsertyp und Browserversion<\/span><\/li>\n<li class=\"p3\"><span style=\"color: #000000;\">verwendetes Betriebssystem<\/span><\/li>\n<li class=\"p3\"><span style=\"color: #000000;\">Referrer URL<\/span><\/li>\n<li class=\"p3\"><span style=\"color: #000000;\">Hostname des zugreifenden Rechners<\/span><\/li>\n<li class=\"p3\"><span style=\"color: #000000;\">Uhrzeit der Serveranfrage<\/span><\/li>\n<\/ul>\n<p class=\"p3\"><span style=\"color: #000000;\">Diese Daten sind nicht bestimmten Personen zuordenbar. Eine Zusammenfu\u0308hrung dieser Daten mit anderen Datenquellen wird nicht vorgenommen. Wir behalten uns vor, diese Daten nachtr\u00e4glich zu pru\u0308fen, wenn uns konkrete Anhaltspunkte fu\u0308r eine rechtswidrige Nutzung bekannt werden.<\/span><\/p>\n<h3 class=\"p2\"><span style=\"color: #000000;\">Kontaktformular<\/span><\/h3>\n<p class=\"p3\"><span style=\"color: #000000;\">Wenn Sie uns per Kontaktformular Anfragen zukommen lassen, werden Ihre Angaben aus dem Anfrageformular inklusive der von Ihnen dort angegebenen Kontaktdaten zwecks Bearbeitung der Anfrage und fu\u0308r den Fall von Anschlussfragen bei uns gespeichert. Diese Daten geben wir nicht ohne Ihre Einwilligung weiter.<\/span><\/p>\n<h3 class=\"p2\"><span style=\"color: #000000;\">Datenschutzerkl\u00e4rung fu\u0308r die Nutzung von Facebook-Plugins (Like-Button)<\/span><\/h3>\n<p class=\"p3\"><span style=\"color: #000000;\">Auf unseren Seiten sind Plugins des sozialen Netzwerks Facebook, Anbieter Facebook Inc., 1 Hacker Way, Menlo Park, California 94025, USA, integriert. Die Facebook-Plugins erkennen Sie an dem Facebook-Logo oder dem &#8222;Like-Button&#8220; (&#8222;Gef\u00e4llt mir&#8220;) auf unserer Seite. Eine \u00dcbersicht u\u0308ber die\u00a0<span class=\"s1\">Facebook-Plugins finden Sie hier: <\/span>http:\/\/developers.facebook.com\/docs\/plugins\/<span class=\"s1\">.<\/span><\/span><\/p>\n<p class=\"p3\"><span style=\"color: #000000;\">Wenn Sie unsere Seiten besuchen, wird u\u0308ber das Plugin eine direkte Verbindung zwischen Ihrem Browser und dem Facebook-Server hergestellt. Facebook erh\u00e4lt dadurch die Information, dass Sie mit Ihrer IP-Adresse unsere Seite besucht haben. Wenn Sie den Facebook &#8222;Like-Button&#8220; anklicken w\u00e4hrend Sie in Ihrem Facebook-Account eingeloggt sind, k\u00f6nnen Sie die Inhalte unserer Seiten auf Ihrem Facebook-Profil verlinken. Dadurch kann Facebook den Besuch unserer Seiten Ihrem Benutzerkonto zuordnen. Wir weisen darauf hin, dass wir als Anbieter der Seiten keine Kenntnis vom Inhalt der u\u0308bermittelten Daten sowie deren Nutzung durch Facebook erhalten. Weitere Informationen hierzu finden Sie in der Datenschutzerkl\u00e4rung von Facebook unter <span class=\"s2\">http:\/\/de-de.facebook.com\/policy.php<\/span>.<\/span><\/p>\n<p class=\"p3\"><span style=\"color: #000000;\">Wenn Sie nicht wu\u0308nschen, dass Facebook den Besuch unserer Seiten Ihrem Facebook-Nutzerkonto zuordnen kann, loggen Sie sich bitte aus Ihrem Facebook-Benutzerkonto aus.<\/span><\/p>\n<h3 class=\"p2\"><span style=\"color: #000000;\">Datenschutzerkl\u00e4rung fu\u0308r die Nutzung von Twitter<\/span><\/h3>\n<p class=\"p3\"><span style=\"color: #000000;\">Auf unseren Seiten sind Funktionen des Dienstes Twitter eingebunden. Diese Funktionen werden angeboten durch die Twitter Inc., 1355 Market Street, Suite 900, San Francisco, CA 94103, USA. Durch das Benutzen von Twitter und der Funktion &#8222;Re-Tweet&#8220; werden die von Ihnen besuchten Webseiten mit Ihrem Twitter-Account verknu\u0308pft und anderen Nutzern bekannt gegeben. Dabei werden auch Daten an Twitter u\u0308bertragen. Wir weisen darauf hin, dass wir als Anbieter der Seiten keine Kenntnis vom Inhalt der u\u0308bermittelten Daten sowie deren Nutzung durch Twitter erhalten. Weitere Informationen hierzu finden Sie in der Datenschutzerkl\u00e4rung von Twitter unter <span class=\"s2\">http:\/\/twitter.com\/privacy<\/span>.<\/span><\/p>\n<p class=\"p3\"><span style=\"color: #000000;\">Ihre Datenschutzeinstellungen bei Twitter k\u00f6nnen Sie in den Konto-Einstellungen unter:<\/span><br \/>\n<span style=\"color: #000000;\">http:\/\/twitter.com\/account\/settings <span class=\"s1\">\u00e4ndern.<\/span><\/span><\/p>\n<h3 class=\"p2\"><span style=\"color: #000000;\">Datenschutzerkl\u00e4rung fu\u0308r die Nutzung von Google+<\/span><\/h3>\n<p class=\"p3\"><span style=\"color: #000000;\">Unsere Seiten nutzen Funktionen von Google+. Anbieter ist die Google Inc., 1600 Amphitheatre Parkway Mountain View, CA 94043, USA.<\/span><\/p>\n<p class=\"p3\"><span style=\"color: #000000;\">Erfassung und Weitergabe von Informationen: Mithilfe der Google+-Schaltfl\u00e4che k\u00f6nnen Sie Informationen weltweit ver\u00f6ffentlichen. \u00dcber die Google+-Schaltfl\u00e4che erhalten Sie und andere Nutzer personalisierte Inhalte von Google und unseren Partnern. Google speichert sowohl die Information, dass Sie fu\u0308r einen Inhalt +1 gegeben haben, als auch Informationen u\u0308ber die Seite, die Sie beim Klicken auf +1 angesehen haben. Ihre +1 k\u00f6nnen als Hinweise zusammen mit Ihrem Profilnamen und Ihrem Foto in Google-Diensten, wie etwa in Suchergebnissen oder in Ihrem Google-Profil, oder an anderen Stellen auf Websites und Anzeigen im Internet eingeblendet werden.<\/span><\/p>\n<p class=\"p3\"><span style=\"color: #000000;\">Google zeichnet Informationen u\u0308ber Ihre +1-Aktivit\u00e4ten auf, um die Google-Dienste fu\u0308r Sie und andere zu verbessern. Um die Google+-Schaltfl\u00e4che verwenden zu k\u00f6nnen, ben\u00f6tigen Sie ein weltweit sichtbares, \u00f6ffentliches Google-Profil, das zumindest den fu\u0308r das Profil gew\u00e4hlten Namen enthalten muss. Dieser Name wird in allen Google-Diensten verwendet. In manchen F\u00e4llen kann dieser Name auch einen anderen Namen ersetzen, den Sie beim Teilen von Inhalten u\u0308ber Ihr Google-Konto verwendet haben. Die Identit\u00e4t Ihres Google-Profils kann Nutzern angezeigt werden, die Ihre E-Mail-Adresse kennen oder u\u0308ber andere identifizierende Informationen von Ihnen verfu\u0308gen.<\/span><\/p>\n<p class=\"p3\"><span style=\"color: #000000;\">Verwendung der erfassten Informationen: Neben den oben erl\u00e4uterten Verwendungszwecken werden die von Ihnen bereitgestellten Informationen gem\u00e4\u00df den geltenden Google-Datenschutzbestimmungen genutzt. Google ver\u00f6ffentlicht m\u00f6glicherweise zusammengefasste Statistiken u\u0308ber die +1-Aktivit\u00e4ten der Nutzer bzw. gibt diese an Nutzer und Partner weiter, wie etwa Publisher, Inserenten oder verbundene Websites.<\/span><\/p>\n<h3 class=\"p2\"><span style=\"color: #000000;\">Auskunft, L\u00f6schung, Sperrung<\/span><\/h3>\n<p class=\"p3\"><span style=\"color: #000000;\">Sie haben jederzeit das Recht auf unentgeltliche Auskunft u\u0308ber Ihre gespeicherten personenbezogenen Daten, deren Herkunft und Empf\u00e4nger und den Zweck der Datenverarbeitung sowie ein Recht auf Berichtigung, Sperrung oder L\u00f6schung dieser Daten. Hierzu sowie zu weiteren Fragen zum Thema personenbezogene Daten k\u00f6nnen Sie sich jederzeit unter der im Impressum angegebenen Adresse an uns wenden.<\/span><\/p>\n<h3 class=\"p2\"><span style=\"color: #000000;\">Widerspruch Werbe-Mails<\/span><\/h3>\n<p class=\"p3\"><span style=\"color: #000000;\">Der Nutzung von im Rahmen der Impressumspflicht ver\u00f6ffentlichten Kontaktdaten zur \u00dcbersendung von nicht ausdru\u0308cklich angeforderter Werbung und Informationsmaterialien wird hiermit widersprochen. Die Betreiber der Seiten behalten sich ausdru\u0308cklich rechtliche Schritte im Falle der unverlangten Zusendung von Werbeinformationen, etwa durch Spam-E-Mails, vor.<\/span><\/p>\n<p class=\"p4\"><span style=\"color: #000000;\"><span class=\"s1\">Quelle: <\/span><a style=\"color: #000000;\" href=\"https:\/\/www.e-recht24.de\/muster-datenschutzerklaerung.html\">https:\/\/www.e-recht24.de\/muster-datenschutzerklaerung.html<\/a><\/span><\/p>\n<p>[\/vc_column_text][\/vc_column][\/vc_row]<\/p>\n","protected":false},"excerpt":{"rendered":"<p>[vc_row][vc_column column_width_percent=&#8220;67&#8243; overlay_alpha=&#8220;50&#8243; gutter_size=&#8220;3&#8243; medium_width=&#8220;0&#8243; mobile_width=&#8220;0&#8243; shift_x=&#8220;0&#8243; shift_y=&#8220;0&#8243; z_index=&#8220;0&#8243; width=&#8220;1\/1&#8243;][vc_column_text] Datenschutzerkl\u00e4rung: Datenschutz Die Betreiber dieser Seiten nehmen den Schutz Ihrer [&hellip;]<\/p>\n","protected":false},"author":2,"featured_media":0,"parent":0,"menu_order":0,"comment_status":"closed","ping_status":"closed","template":"","meta":{"footnotes":""},"class_list":["post-70","page","type-page","status-publish","hentry"],"_links":{"self":[{"href":"https:\/\/dangrillt.de\/index.php\/wp-json\/wp\/v2\/pages\/70","targetHints":{"allow":["GET"]}}],"collection":[{"href":"https:\/\/dangrillt.de\/index.php\/wp-json\/wp\/v2\/pages"}],"about":[{"href":"https:\/\/dangrillt.de\/index.php\/wp-json\/wp\/v2\/types\/page"}],"author":[{"embeddable":true,"href":"https:\/\/dangrillt.de\/index.php\/wp-json\/wp\/v2\/users\/2"}],"replies":[{"embeddable":true,"href":"https:\/\/dangrillt.de\/index.php\/wp-json\/wp\/v2\/comments?post=70"}],"version-history":[{"count":2,"href":"https:\/\/dangrillt.de\/index.php\/wp-json\/wp\/v2\/pages\/70\/revisions"}],"predecessor-version":[{"id":114,"href":"https:\/\/dangrillt.de\/index.php\/wp-json\/wp\/v2\/pages\/70\/revisions\/114"}],"wp:attachment":[{"href":"https:\/\/dangrillt.de\/index.php\/wp-json\/wp\/v2\/media?parent=70"}],"curies":[{"name":"wp","href":"https:\/\/api.w.org\/{rel}","templated":true}]}}